{"id":98,"date":"2021-09-28T19:31:47","date_gmt":"2021-09-28T19:31:47","guid":{"rendered":"https:\/\/olla.com.pl\/?page_id=98"},"modified":"2025-12-28T10:44:26","modified_gmt":"2025-12-28T10:44:26","slug":"galeria-zdjec","status":"publish","type":"page","link":"https:\/\/olla.com.pl\/","title":{"rendered":"Galeria zdj\u0119\u0107"},"content":{"rendered":"<p><img loading=\"lazy\" decoding=\"async\" class=\"wp-image-121 size-medium aligncenter\" src=\"https:\/\/olla.com.pl\/wp-content\/uploads\/2025\/03\/logo_olla_full-300x200.png\" alt=\"\" width=\"300\" height=\"200\" srcset=\"https:\/\/olla.com.pl\/wp-content\/uploads\/2025\/03\/logo_olla_full-300x200.png 300w, https:\/\/olla.com.pl\/wp-content\/uploads\/2025\/03\/logo_olla_full.png 612w\" sizes=\"auto, (max-width: 300px) 100vw, 300px\" \/><\/p>\n<p>&nbsp;<\/p>\n<h3 style=\"text-align: center;\"><span style=\"color: #ff0000;\"><strong>Ju\u017c wkr\u00f3tce b\u0119dzie dost\u0119pny sklep online, w kt\u00f3rym b\u0119dzie mo\u017cna kupi\u0107 moje wyroby.\u00a0<\/strong><\/span><br \/>\n<span style=\"color: #ff0000;\"><strong>Prosz\u0119 o chwil\u0119 cierpliwo\u015bci.\u00a0<\/strong><\/span><\/h3>\n<p>&nbsp;<\/p>\n<h3 style=\"text-align: center;\">Zapraszam na m\u00f3j profil &#8211;&gt;\u00a0<span style=\"color: #3366ff;\"> <a style=\"color: #3366ff;\" href=\"https:\/\/www.facebook.com\/profile.php?id=100068987996363\">Facebook.<\/a><\/span><\/h3>\n<p>&nbsp;<\/p>\n","protected":false},"excerpt":{"rendered":"<p>&nbsp; Ju\u017c wkr\u00f3tce b\u0119dzie dost\u0119pny sklep online, w kt\u00f3rym b\u0119dzie mo\u017cna kupi\u0107 moje wyroby.\u00a0 Prosz\u0119 o chwil\u0119 cierpliwo\u015bci.\u00a0 &nbsp; Zapraszam na m\u00f3j profil &#8211;&gt;\u00a0 Facebook. &nbsp;<\/p>\n","protected":false},"author":1,"featured_media":0,"parent":0,"menu_order":0,"comment_status":"closed","ping_status":"closed","template":"template-media.php","meta":{"footnotes":""},"class_list":["post-98","page","type-page","status-publish","hentry","description-off"],"_links":{"self":[{"href":"https:\/\/olla.com.pl\/index.php\/wp-json\/wp\/v2\/pages\/98","targetHints":{"allow":["GET"]}}],"collection":[{"href":"https:\/\/olla.com.pl\/index.php\/wp-json\/wp\/v2\/pages"}],"about":[{"href":"https:\/\/olla.com.pl\/index.php\/wp-json\/wp\/v2\/types\/page"}],"author":[{"embeddable":true,"href":"https:\/\/olla.com.pl\/index.php\/wp-json\/wp\/v2\/users\/1"}],"replies":[{"embeddable":true,"href":"https:\/\/olla.com.pl\/index.php\/wp-json\/wp\/v2\/comments?post=98"}],"version-history":[{"count":16,"href":"https:\/\/olla.com.pl\/index.php\/wp-json\/wp\/v2\/pages\/98\/revisions"}],"predecessor-version":[{"id":133,"href":"https:\/\/olla.com.pl\/index.php\/wp-json\/wp\/v2\/pages\/98\/revisions\/133"}],"wp:attachment":[{"href":"https:\/\/olla.com.pl\/index.php\/wp-json\/wp\/v2\/media?parent=98"}],"curies":[{"name":"wp","href":"https:\/\/api.w.org\/{rel}","templated":true}]}}